{"id":2,"date":"2025-05-02T07:02:54","date_gmt":"2025-05-02T05:02:54","guid":{"rendered":"https:\/\/itservices-24.pl\/home\/"},"modified":"2025-07-20T16:25:58","modified_gmt":"2025-07-20T14:25:58","slug":"home","status":"publish","type":"page","link":"https:\/\/itservices-24.pl\/","title":{"rendered":"Strona G\u0142\u00f3wna"},"content":{"rendered":"\t\t<div data-elementor-type=\"wp-post\" data-elementor-id=\"2\" class=\"elementor elementor-2\">\n\t\t\t\t<div class=\"elementor-element elementor-element-8bcd764 e-flex e-con-boxed elementor-invisible e-con e-parent\" data-id=\"8bcd764\" data-element_type=\"container\" data-e-type=\"container\" data-settings=\"{&quot;background_background&quot;:&quot;classic&quot;,&quot;animation&quot;:&quot;fadeIn&quot;}\">\n\t\t\t\t\t<div class=\"e-con-inner\">\n\t\t<div class=\"elementor-element elementor-element-3211a19 e-con-full e-flex e-con e-child\" data-id=\"3211a19\" data-element_type=\"container\" data-e-type=\"container\">\n\t\t\t\t<div class=\"elementor-element elementor-element-5e9b6ee elementor-invisible elementor-widget elementor-widget-heading\" data-id=\"5e9b6ee\" data-element_type=\"widget\" data-e-type=\"widget\" data-settings=\"{&quot;_animation&quot;:&quot;fadeInUp&quot;}\" data-widget_type=\"heading.default\">\n\t\t\t\t<div class=\"elementor-widget-container\">\n\t\t\t\t\t<h3 class=\"elementor-heading-title elementor-size-default\">Profesjonalny Serwis Komputerowy \u2013 IT Services 24<\/h3>\t\t\t\t<\/div>\n\t\t\t\t<\/div>\n\t\t\t\t<div class=\"elementor-element elementor-element-68cc8a5 elementor-invisible elementor-widget elementor-widget-text-editor\" data-id=\"68cc8a5\" data-element_type=\"widget\" data-e-type=\"widget\" data-settings=\"{&quot;_animation&quot;:&quot;fadeInUp&quot;}\" data-widget_type=\"text-editor.default\">\n\t\t\t\t<div class=\"elementor-widget-container\">\n\t\t\t\t\t\t\t\t\t<h3 class=\"\" data-start=\"68\" data-end=\"125\">\u00a0<\/h3><p class=\"\" data-start=\"127\" data-end=\"265\">Szukasz sprawdzonego serwisu, kt\u00f3ry szybko i skutecznie naprawi Tw\u00f3j komputer, laptopa lub skonfiguruje sie\u0107? Jeste\u015b we w\u0142a\u015bciwym miejscu!<\/p><p class=\"\" data-start=\"267\" data-end=\"384\">W <strong data-start=\"269\" data-end=\"287\">IT Services 24<\/strong> oferujemy kompleksowe us\u0142ugi informatyczne dla klient\u00f3w indywidualnych oraz firm. Zajmujemy si\u0119:<\/p><ul data-start=\"386\" data-end=\"808\"><li class=\"\" data-start=\"386\" data-end=\"494\"><p class=\"\" data-start=\"388\" data-end=\"494\">\ud83d\udee0 <strong data-start=\"391\" data-end=\"438\">Napraw\u0105 komputer\u00f3w stacjonarnych i laptop\u00f3w<\/strong> \u2013 od problem\u00f3w ze sprz\u0119tem po zaawansowan\u0105 diagnostyk\u0119.<\/p><\/li><li class=\"\" data-start=\"495\" data-end=\"594\"><p class=\"\" data-start=\"497\" data-end=\"594\">\ud83d\udcbb <strong data-start=\"500\" data-end=\"533\">Usuwaniem usterek systemowych<\/strong> \u2013 wirusy, b\u0142\u0119dy systemu, brakuj\u0105ce sterowniki? Naprawimy to!<\/p><\/li><li class=\"\" data-start=\"595\" data-end=\"707\"><p class=\"\" data-start=\"597\" data-end=\"707\">\ud83c\udf10 <strong data-start=\"600\" data-end=\"637\">Konfiguracj\u0105 i modernizacj\u0105 sieci<\/strong> \u2013 zapewniamy szybkie i bezpieczne po\u0142\u0105czenie w Twoim domu lub firmie.<\/p><\/li><\/ul><p class=\"\" data-start=\"810\" data-end=\"957\">Dzia\u0142amy <strong data-start=\"819\" data-end=\"839\">7 dni w tygodniu<\/strong>, z dojazdem do klienta lub w naszym punkcie serwisowym. Zaufaj do\u015bwiadczeniu i nowoczesnemu podej\u015bciu do informatyki.<\/p><p class=\"\" data-start=\"959\" data-end=\"1032\">\ud83d\udcde Skontaktuj si\u0119 z nami ju\u017c teraz \u2013 dzia\u0142amy szybko, uczciwie i z pasj\u0105!<\/p>\t\t\t\t\t\t\t\t<\/div>\n\t\t\t\t<\/div>\n\t\t\t\t<\/div>\n\t\t<div class=\"elementor-element elementor-element-70fdbc1 e-con-full e-flex e-con e-child\" data-id=\"70fdbc1\" data-element_type=\"container\" data-e-type=\"container\">\n\t\t\t\t<\/div>\n\t\t\t\t\t<\/div>\n\t\t\t\t<\/div>\n\t\t<div class=\"elementor-element elementor-element-9c9b504 e-flex e-con-boxed e-con e-parent\" data-id=\"9c9b504\" data-element_type=\"container\" data-e-type=\"container\" data-settings=\"{&quot;background_background&quot;:&quot;classic&quot;}\">\n\t\t\t\t\t<div class=\"e-con-inner\">\n\t\t<div class=\"elementor-element elementor-element-9a81c62 e-con-full e-flex e-con e-child\" data-id=\"9a81c62\" data-element_type=\"container\" data-e-type=\"container\">\n\t\t<div class=\"elementor-element elementor-element-8f9047d e-con-full e-flex e-con e-child\" data-id=\"8f9047d\" data-element_type=\"container\" data-e-type=\"container\">\n\t\t<div class=\"elementor-element elementor-element-503375f e-con-full e-flex e-con e-child\" data-id=\"503375f\" data-element_type=\"container\" data-e-type=\"container\">\n\t\t\t\t<div class=\"elementor-element elementor-element-27ceb1f elementor-widget elementor-widget-image\" data-id=\"27ceb1f\" data-element_type=\"widget\" data-e-type=\"widget\" data-widget_type=\"image.default\">\n\t\t\t\t<div class=\"elementor-widget-container\">\n\t\t\t\t\t\t\t\t\t\t\t\t\t\t\t<img fetchpriority=\"high\" decoding=\"async\" width=\"300\" height=\"300\" src=\"https:\/\/itservices-24.pl\/wp-content\/uploads\/2025\/05\/openart-image_0bC2cpNG_1746174130254_raw-300x300.png\" class=\"attachment-medium size-medium wp-image-2750\" alt=\"\" srcset=\"https:\/\/itservices-24.pl\/wp-content\/uploads\/2025\/05\/openart-image_0bC2cpNG_1746174130254_raw-300x300.png 300w, https:\/\/itservices-24.pl\/wp-content\/uploads\/2025\/05\/openart-image_0bC2cpNG_1746174130254_raw-150x150.png 150w, https:\/\/itservices-24.pl\/wp-content\/uploads\/2025\/05\/openart-image_0bC2cpNG_1746174130254_raw-768x768.png 768w, https:\/\/itservices-24.pl\/wp-content\/uploads\/2025\/05\/openart-image_0bC2cpNG_1746174130254_raw.png 1024w\" sizes=\"(max-width: 300px) 100vw, 300px\" \/>\t\t\t\t\t\t\t\t\t\t\t\t\t\t\t<\/div>\n\t\t\t\t<\/div>\n\t\t\t\t<\/div>\n\t\t<div class=\"elementor-element elementor-element-10a546c e-con-full e-flex e-con e-child\" data-id=\"10a546c\" data-element_type=\"container\" data-e-type=\"container\">\n\t\t\t\t<div class=\"elementor-element elementor-element-7c70f29 elementor-widget elementor-widget-image\" data-id=\"7c70f29\" data-element_type=\"widget\" data-e-type=\"widget\" data-widget_type=\"image.default\">\n\t\t\t\t<div class=\"elementor-widget-container\">\n\t\t\t\t\t\t\t\t\t\t\t\t\t\t\t<img decoding=\"async\" width=\"300\" height=\"300\" src=\"https:\/\/itservices-24.pl\/wp-content\/uploads\/2025\/05\/openart-image_ISsFqgP5_1746174925470_raw-300x300.jpg\" class=\"attachment-medium size-medium wp-image-2762\" alt=\"\" srcset=\"https:\/\/itservices-24.pl\/wp-content\/uploads\/2025\/05\/openart-image_ISsFqgP5_1746174925470_raw-300x300.jpg 300w, https:\/\/itservices-24.pl\/wp-content\/uploads\/2025\/05\/openart-image_ISsFqgP5_1746174925470_raw-150x150.jpg 150w, https:\/\/itservices-24.pl\/wp-content\/uploads\/2025\/05\/openart-image_ISsFqgP5_1746174925470_raw-768x768.jpg 768w, https:\/\/itservices-24.pl\/wp-content\/uploads\/2025\/05\/openart-image_ISsFqgP5_1746174925470_raw.jpg 1024w\" sizes=\"(max-width: 300px) 100vw, 300px\" \/>\t\t\t\t\t\t\t\t\t\t\t\t\t\t\t<\/div>\n\t\t\t\t<\/div>\n\t\t\t\t<\/div>\n\t\t<div class=\"elementor-element elementor-element-6c7cb00 e-con-full e-flex e-con e-child\" data-id=\"6c7cb00\" data-element_type=\"container\" data-e-type=\"container\">\n\t\t\t\t<div class=\"elementor-element elementor-element-0435922 elementor-widget elementor-widget-image\" data-id=\"0435922\" data-element_type=\"widget\" data-e-type=\"widget\" data-widget_type=\"image.default\">\n\t\t\t\t<div class=\"elementor-widget-container\">\n\t\t\t\t\t\t\t\t\t\t\t\t\t\t\t<img decoding=\"async\" width=\"300\" height=\"300\" src=\"https:\/\/itservices-24.pl\/wp-content\/uploads\/2020\/06\/portfolio3-300x300.jpg\" class=\"attachment-medium size-medium wp-image-1240\" alt=\"\" srcset=\"https:\/\/itservices-24.pl\/wp-content\/uploads\/2020\/06\/portfolio3-300x300.jpg 300w, https:\/\/itservices-24.pl\/wp-content\/uploads\/2020\/06\/portfolio3-150x150.jpg 150w, https:\/\/itservices-24.pl\/wp-content\/uploads\/2020\/06\/portfolio3.jpg 625w\" sizes=\"(max-width: 300px) 100vw, 300px\" \/>\t\t\t\t\t\t\t\t\t\t\t\t\t\t\t<\/div>\n\t\t\t\t<\/div>\n\t\t\t\t<\/div>\n\t\t<div class=\"elementor-element elementor-element-9f79cde e-con-full e-flex e-con e-child\" data-id=\"9f79cde\" data-element_type=\"container\" data-e-type=\"container\">\n\t\t\t\t<div class=\"elementor-element elementor-element-3e97b94 elementor-widget elementor-widget-image\" data-id=\"3e97b94\" data-element_type=\"widget\" data-e-type=\"widget\" data-widget_type=\"image.default\">\n\t\t\t\t<div class=\"elementor-widget-container\">\n\t\t\t\t\t\t\t\t\t\t\t\t\t\t\t<img loading=\"lazy\" decoding=\"async\" width=\"300\" height=\"300\" src=\"https:\/\/itservices-24.pl\/wp-content\/uploads\/2020\/06\/portfolio4-1-300x300.jpg\" class=\"attachment-medium size-medium wp-image-1248\" alt=\"\" srcset=\"https:\/\/itservices-24.pl\/wp-content\/uploads\/2020\/06\/portfolio4-1-300x300.jpg 300w, https:\/\/itservices-24.pl\/wp-content\/uploads\/2020\/06\/portfolio4-1-150x150.jpg 150w, https:\/\/itservices-24.pl\/wp-content\/uploads\/2020\/06\/portfolio4-1.jpg 625w\" sizes=\"(max-width: 300px) 100vw, 300px\" \/>\t\t\t\t\t\t\t\t\t\t\t\t\t\t\t<\/div>\n\t\t\t\t<\/div>\n\t\t\t\t<\/div>\n\t\t\t\t<\/div>\n\t\t\t\t<\/div>\n\t\t\t\t\t<\/div>\n\t\t\t\t<\/div>\n\t\t\t\t<\/div>\n\t\t","protected":false},"excerpt":{"rendered":"<p>Profesjonalny Serwis Komputerowy \u2013 IT Services 24 \u00a0 Szukasz sprawdzonego serwisu, kt\u00f3ry szybko i skutecznie naprawi Tw\u00f3j komputer, laptopa lub skonfiguruje sie\u0107? Jeste\u015b we w\u0142a\u015bciwym miejscu! W IT Services 24 oferujemy kompleksowe us\u0142ugi informatyczne dla klient\u00f3w indywidualnych oraz firm. Zajmujemy si\u0119: \ud83d\udee0 Napraw\u0105 komputer\u00f3w stacjonarnych i laptop\u00f3w \u2013 od problem\u00f3w ze sprz\u0119tem po zaawansowan\u0105 diagnostyk\u0119. [&hellip;]<\/p>\n","protected":false},"author":1,"featured_media":0,"parent":0,"menu_order":0,"comment_status":"closed","ping_status":"open","template":"","meta":{"site-sidebar-layout":"no-sidebar","site-content-layout":"page-builder","ast-site-content-layout":"default","site-content-style":"default","site-sidebar-style":"default","ast-global-header-display":"","ast-banner-title-visibility":"","ast-main-header-display":"","ast-hfb-above-header-display":"","ast-hfb-below-header-display":"","ast-hfb-mobile-header-display":"","site-post-title":"disabled","ast-breadcrumbs-content":"","ast-featured-img":"disabled","footer-sml-layout":"","ast-disable-related-posts":"","theme-transparent-header-meta":"enabled","adv-header-id-meta":"","stick-header-meta":"","header-above-stick-meta":"","header-main-stick-meta":"","header-below-stick-meta":"","astra-migrate-meta-layouts":"default","ast-page-background-enabled":"default","ast-page-background-meta":{"desktop":{"background-color":"","background-image":"","background-repeat":"repeat","background-position":"center center","background-size":"auto","background-attachment":"scroll","background-type":"","background-media":"","overlay-type":"","overlay-color":"","overlay-opacity":"","overlay-gradient":""},"tablet":{"background-color":"","background-image":"","background-repeat":"repeat","background-position":"center center","background-size":"auto","background-attachment":"scroll","background-type":"","background-media":"","overlay-type":"","overlay-color":"","overlay-opacity":"","overlay-gradient":""},"mobile":{"background-color":"","background-image":"","background-repeat":"repeat","background-position":"center center","background-size":"auto","background-attachment":"scroll","background-type":"","background-media":"","overlay-type":"","overlay-color":"","overlay-opacity":"","overlay-gradient":""}},"ast-content-background-meta":{"desktop":{"background-color":"var(--ast-global-color-5)","background-image":"","background-repeat":"repeat","background-position":"center center","background-size":"auto","background-attachment":"scroll","background-type":"","background-media":"","overlay-type":"","overlay-color":"","overlay-opacity":"","overlay-gradient":""},"tablet":{"background-color":"var(--ast-global-color-5)","background-image":"","background-repeat":"repeat","background-position":"center center","background-size":"auto","background-attachment":"scroll","background-type":"","background-media":"","overlay-type":"","overlay-color":"","overlay-opacity":"","overlay-gradient":""},"mobile":{"background-color":"var(--ast-global-color-5)","background-image":"","background-repeat":"repeat","background-position":"center center","background-size":"auto","background-attachment":"scroll","background-type":"","background-media":"","overlay-type":"","overlay-color":"","overlay-opacity":"","overlay-gradient":""}},"footnotes":""},"class_list":["post-2","page","type-page","status-publish","hentry"],"yoast_head":"<!-- This site is optimized with the Yoast SEO plugin v27.3 - https:\/\/yoast.com\/product\/yoast-seo-wordpress\/ -->\n<title>Strona G\u0142\u00f3wna - Serwis Komputerowy<\/title>\n<meta name=\"robots\" content=\"index, follow, max-snippet:-1, max-image-preview:large, max-video-preview:-1\" \/>\n<link rel=\"canonical\" href=\"https:\/\/itservices-24.pl\/\" \/>\n<meta property=\"og:locale\" content=\"pl_PL\" \/>\n<meta property=\"og:type\" content=\"article\" \/>\n<meta property=\"og:title\" content=\"Strona G\u0142\u00f3wna - Serwis Komputerowy\" \/>\n<meta property=\"og:description\" content=\"Profesjonalny Serwis Komputerowy \u2013 IT Services 24 \u00a0 Szukasz sprawdzonego serwisu, kt\u00f3ry szybko i skutecznie naprawi Tw\u00f3j komputer, laptopa lub skonfiguruje sie\u0107? Jeste\u015b we w\u0142a\u015bciwym miejscu! W IT Services 24 oferujemy kompleksowe us\u0142ugi informatyczne dla klient\u00f3w indywidualnych oraz firm. Zajmujemy si\u0119: \ud83d\udee0 Napraw\u0105 komputer\u00f3w stacjonarnych i laptop\u00f3w \u2013 od problem\u00f3w ze sprz\u0119tem po zaawansowan\u0105 diagnostyk\u0119. [&hellip;]\" \/>\n<meta property=\"og:url\" content=\"https:\/\/itservices-24.pl\/\" \/>\n<meta property=\"og:site_name\" content=\"Serwis Komputerowy\" \/>\n<meta property=\"article:modified_time\" content=\"2025-07-20T14:25:58+00:00\" \/>\n<meta property=\"og:image\" content=\"https:\/\/itservices-24.pl\/wp-content\/uploads\/2025\/05\/openart-image_0bC2cpNG_1746174130254_raw-300x300.png\" \/>\n<meta name=\"twitter:card\" content=\"summary_large_image\" \/>\n<meta name=\"twitter:label1\" content=\"Szacowany czas czytania\" \/>\n\t<meta name=\"twitter:data1\" content=\"3 minuty\" \/>\n<script type=\"application\/ld+json\" class=\"yoast-schema-graph\">{\"@context\":\"https:\\\/\\\/schema.org\",\"@graph\":[{\"@type\":\"WebPage\",\"@id\":\"https:\\\/\\\/itservices-24.pl\\\/\",\"url\":\"https:\\\/\\\/itservices-24.pl\\\/\",\"name\":\"Strona G\u0142\u00f3wna - Serwis Komputerowy\",\"isPartOf\":{\"@id\":\"https:\\\/\\\/itservices-24.pl\\\/#website\"},\"primaryImageOfPage\":{\"@id\":\"https:\\\/\\\/itservices-24.pl\\\/#primaryimage\"},\"image\":{\"@id\":\"https:\\\/\\\/itservices-24.pl\\\/#primaryimage\"},\"thumbnailUrl\":\"https:\\\/\\\/itservices-24.pl\\\/wp-content\\\/uploads\\\/2025\\\/05\\\/openart-image_0bC2cpNG_1746174130254_raw-300x300.png\",\"datePublished\":\"2025-05-02T05:02:54+00:00\",\"dateModified\":\"2025-07-20T14:25:58+00:00\",\"breadcrumb\":{\"@id\":\"https:\\\/\\\/itservices-24.pl\\\/#breadcrumb\"},\"inLanguage\":\"pl-PL\",\"potentialAction\":[{\"@type\":\"ReadAction\",\"target\":[\"https:\\\/\\\/itservices-24.pl\\\/\"]}]},{\"@type\":\"ImageObject\",\"inLanguage\":\"pl-PL\",\"@id\":\"https:\\\/\\\/itservices-24.pl\\\/#primaryimage\",\"url\":\"https:\\\/\\\/itservices-24.pl\\\/wp-content\\\/uploads\\\/2025\\\/05\\\/openart-image_0bC2cpNG_1746174130254_raw.png\",\"contentUrl\":\"https:\\\/\\\/itservices-24.pl\\\/wp-content\\\/uploads\\\/2025\\\/05\\\/openart-image_0bC2cpNG_1746174130254_raw.png\",\"width\":1024,\"height\":1024},{\"@type\":\"BreadcrumbList\",\"@id\":\"https:\\\/\\\/itservices-24.pl\\\/#breadcrumb\",\"itemListElement\":[{\"@type\":\"ListItem\",\"position\":1,\"name\":\"Home\",\"item\":\"https:\\\/\\\/itservices-24.pl\\\/\"},{\"@type\":\"ListItem\",\"position\":2,\"name\":\"Strona G\u0142\u00f3wna\"}]},{\"@type\":\"WebSite\",\"@id\":\"https:\\\/\\\/itservices-24.pl\\\/#website\",\"url\":\"https:\\\/\\\/itservices-24.pl\\\/\",\"name\":\"Serwis Komputerowy\",\"description\":\"Tw\u00f3j partner w biznesie\",\"publisher\":{\"@id\":\"https:\\\/\\\/itservices-24.pl\\\/#organization\"},\"potentialAction\":[{\"@type\":\"SearchAction\",\"target\":{\"@type\":\"EntryPoint\",\"urlTemplate\":\"https:\\\/\\\/itservices-24.pl\\\/?s={search_term_string}\"},\"query-input\":{\"@type\":\"PropertyValueSpecification\",\"valueRequired\":true,\"valueName\":\"search_term_string\"}}],\"inLanguage\":\"pl-PL\"},{\"@type\":\"Organization\",\"@id\":\"https:\\\/\\\/itservices-24.pl\\\/#organization\",\"name\":\"Serwis Komputerowy\",\"url\":\"https:\\\/\\\/itservices-24.pl\\\/\",\"logo\":{\"@type\":\"ImageObject\",\"inLanguage\":\"pl-PL\",\"@id\":\"https:\\\/\\\/itservices-24.pl\\\/#\\\/schema\\\/logo\\\/image\\\/\",\"url\":\"https:\\\/\\\/itservices-24.pl\\\/wp-content\\\/uploads\\\/2025\\\/05\\\/cropped-ChatGPT-Image-2-maj-2025-08_31_36-1.png\",\"contentUrl\":\"https:\\\/\\\/itservices-24.pl\\\/wp-content\\\/uploads\\\/2025\\\/05\\\/cropped-ChatGPT-Image-2-maj-2025-08_31_36-1.png\",\"width\":1021,\"height\":516,\"caption\":\"Serwis Komputerowy\"},\"image\":{\"@id\":\"https:\\\/\\\/itservices-24.pl\\\/#\\\/schema\\\/logo\\\/image\\\/\"}}]}<\/script>\n<!-- \/ Yoast SEO plugin. -->","yoast_head_json":{"title":"Strona G\u0142\u00f3wna - Serwis Komputerowy","robots":{"index":"index","follow":"follow","max-snippet":"max-snippet:-1","max-image-preview":"max-image-preview:large","max-video-preview":"max-video-preview:-1"},"canonical":"https:\/\/itservices-24.pl\/","og_locale":"pl_PL","og_type":"article","og_title":"Strona G\u0142\u00f3wna - Serwis Komputerowy","og_description":"Profesjonalny Serwis Komputerowy \u2013 IT Services 24 \u00a0 Szukasz sprawdzonego serwisu, kt\u00f3ry szybko i skutecznie naprawi Tw\u00f3j komputer, laptopa lub skonfiguruje sie\u0107? Jeste\u015b we w\u0142a\u015bciwym miejscu! W IT Services 24 oferujemy kompleksowe us\u0142ugi informatyczne dla klient\u00f3w indywidualnych oraz firm. Zajmujemy si\u0119: \ud83d\udee0 Napraw\u0105 komputer\u00f3w stacjonarnych i laptop\u00f3w \u2013 od problem\u00f3w ze sprz\u0119tem po zaawansowan\u0105 diagnostyk\u0119. [&hellip;]","og_url":"https:\/\/itservices-24.pl\/","og_site_name":"Serwis Komputerowy","article_modified_time":"2025-07-20T14:25:58+00:00","og_image":[{"url":"https:\/\/itservices-24.pl\/wp-content\/uploads\/2025\/05\/openart-image_0bC2cpNG_1746174130254_raw-300x300.png","type":"","width":"","height":""}],"twitter_card":"summary_large_image","twitter_misc":{"Szacowany czas czytania":"3 minuty"},"schema":{"@context":"https:\/\/schema.org","@graph":[{"@type":"WebPage","@id":"https:\/\/itservices-24.pl\/","url":"https:\/\/itservices-24.pl\/","name":"Strona G\u0142\u00f3wna - Serwis Komputerowy","isPartOf":{"@id":"https:\/\/itservices-24.pl\/#website"},"primaryImageOfPage":{"@id":"https:\/\/itservices-24.pl\/#primaryimage"},"image":{"@id":"https:\/\/itservices-24.pl\/#primaryimage"},"thumbnailUrl":"https:\/\/itservices-24.pl\/wp-content\/uploads\/2025\/05\/openart-image_0bC2cpNG_1746174130254_raw-300x300.png","datePublished":"2025-05-02T05:02:54+00:00","dateModified":"2025-07-20T14:25:58+00:00","breadcrumb":{"@id":"https:\/\/itservices-24.pl\/#breadcrumb"},"inLanguage":"pl-PL","potentialAction":[{"@type":"ReadAction","target":["https:\/\/itservices-24.pl\/"]}]},{"@type":"ImageObject","inLanguage":"pl-PL","@id":"https:\/\/itservices-24.pl\/#primaryimage","url":"https:\/\/itservices-24.pl\/wp-content\/uploads\/2025\/05\/openart-image_0bC2cpNG_1746174130254_raw.png","contentUrl":"https:\/\/itservices-24.pl\/wp-content\/uploads\/2025\/05\/openart-image_0bC2cpNG_1746174130254_raw.png","width":1024,"height":1024},{"@type":"BreadcrumbList","@id":"https:\/\/itservices-24.pl\/#breadcrumb","itemListElement":[{"@type":"ListItem","position":1,"name":"Home","item":"https:\/\/itservices-24.pl\/"},{"@type":"ListItem","position":2,"name":"Strona G\u0142\u00f3wna"}]},{"@type":"WebSite","@id":"https:\/\/itservices-24.pl\/#website","url":"https:\/\/itservices-24.pl\/","name":"Serwis Komputerowy","description":"Tw\u00f3j partner w biznesie","publisher":{"@id":"https:\/\/itservices-24.pl\/#organization"},"potentialAction":[{"@type":"SearchAction","target":{"@type":"EntryPoint","urlTemplate":"https:\/\/itservices-24.pl\/?s={search_term_string}"},"query-input":{"@type":"PropertyValueSpecification","valueRequired":true,"valueName":"search_term_string"}}],"inLanguage":"pl-PL"},{"@type":"Organization","@id":"https:\/\/itservices-24.pl\/#organization","name":"Serwis Komputerowy","url":"https:\/\/itservices-24.pl\/","logo":{"@type":"ImageObject","inLanguage":"pl-PL","@id":"https:\/\/itservices-24.pl\/#\/schema\/logo\/image\/","url":"https:\/\/itservices-24.pl\/wp-content\/uploads\/2025\/05\/cropped-ChatGPT-Image-2-maj-2025-08_31_36-1.png","contentUrl":"https:\/\/itservices-24.pl\/wp-content\/uploads\/2025\/05\/cropped-ChatGPT-Image-2-maj-2025-08_31_36-1.png","width":1021,"height":516,"caption":"Serwis Komputerowy"},"image":{"@id":"https:\/\/itservices-24.pl\/#\/schema\/logo\/image\/"}}]}},"_links":{"self":[{"href":"https:\/\/itservices-24.pl\/index.php?rest_route=\/wp\/v2\/pages\/2","targetHints":{"allow":["GET"]}}],"collection":[{"href":"https:\/\/itservices-24.pl\/index.php?rest_route=\/wp\/v2\/pages"}],"about":[{"href":"https:\/\/itservices-24.pl\/index.php?rest_route=\/wp\/v2\/types\/page"}],"author":[{"embeddable":true,"href":"https:\/\/itservices-24.pl\/index.php?rest_route=\/wp\/v2\/users\/1"}],"replies":[{"embeddable":true,"href":"https:\/\/itservices-24.pl\/index.php?rest_route=%2Fwp%2Fv2%2Fcomments&post=2"}],"version-history":[{"count":43,"href":"https:\/\/itservices-24.pl\/index.php?rest_route=\/wp\/v2\/pages\/2\/revisions"}],"predecessor-version":[{"id":2774,"href":"https:\/\/itservices-24.pl\/index.php?rest_route=\/wp\/v2\/pages\/2\/revisions\/2774"}],"wp:attachment":[{"href":"https:\/\/itservices-24.pl\/index.php?rest_route=%2Fwp%2Fv2%2Fmedia&parent=2"}],"curies":[{"name":"wp","href":"https:\/\/api.w.org\/{rel}","templated":true}]}}